{"id":61,"date":"2024-03-11T11:12:00","date_gmt":"2024-03-11T10:12:00","guid":{"rendered":"https:\/\/effeff.raspifreak.de\/?page_id=61"},"modified":"2024-03-11T11:41:40","modified_gmt":"2024-03-11T10:41:40","slug":"startseite","status":"publish","type":"page","link":"https:\/\/effeff.raspifreak.de\/","title":{"rendered":"Startseite"},"content":{"rendered":"<div id=\"pl-61\"  class=\"panel-layout\" ><div id=\"pg-61-0\"  class=\"panel-grid panel-no-style\" ><div id=\"pgc-61-0-0\"  class=\"panel-grid-cell\" ><div id=\"panel-61-0-0-0\" class=\"so-panel widget widget_circleicon-widget panel-first-child panel-last-child\" data-index=\"0\" >\t\t<div class=\"circle-icon-box circle-icon-position-top circle-icon-hide-box circle-icon-size-small \">\n\t\t\t\t\t\t\t<div class=\"circle-icon-wrapper\">\n\t\t\t\t\t\t\t\t\t\t<div class=\"circle-icon\" >\n\t\t\t\t\t\t\t\t\t\t\t\t\t<div\n\t\t\t\t\t\t\t\tclass=\"fa fa-industry\"\n\t\t\t\t\t\t\t\t\t\t\t\t\t\t\t><\/div>\n\t\t\t\t\t\t\t\t\t\t\t<\/div>\n\t\t\t\t\t\t\t\t\t<\/div>\n\t\t\t\n\t\t\t\t\t\t\t\t\t\t<h4 >\n\t\t\t\t\tElektroinstallation\t\t\t\t<\/h4>\n\t\t\t\t\t\t\n\t\t\t\t\t\t\t<p class=\"text\" >\n\t\t\t\tVon Wohnungsbauprojekten bis zur industriellen Anwendung \u2013 wir realisieren ma\u00dfgeschneiderte Elektroinstallationen f\u00fcr verschiedenste Wohn- und Gewerbebereiche.\t\t\t<\/p>\n\t\t\t\t\t\t\t\t<\/div>\n\t\t<\/div><\/div><div id=\"pgc-61-0-1\"  class=\"panel-grid-cell\" ><div id=\"panel-61-0-1-0\" class=\"so-panel widget widget_circleicon-widget panel-first-child panel-last-child\" data-index=\"1\" >\t\t<div class=\"circle-icon-box circle-icon-position-top circle-icon-hide-box circle-icon-size-small \">\n\t\t\t\t\t\t\t<div class=\"circle-icon-wrapper\">\n\t\t\t\t\t\t\t\t\t\t<div class=\"circle-icon\" >\n\t\t\t\t\t\t\t\t\t\t\t\t\t<div\n\t\t\t\t\t\t\t\tclass=\"fa fa-tachometer\"\n\t\t\t\t\t\t\t\t\t\t\t\t\t\t\t><\/div>\n\t\t\t\t\t\t\t\t\t\t\t<\/div>\n\t\t\t\t\t\t\t\t\t<\/div>\n\t\t\t\n\t\t\t\t\t\t\t\t\t\t<h4 >\n\t\t\t\t\tMSR Technik\t\t\t\t<\/h4>\n\t\t\t\t\t\t\n\t\t\t\t\t\t\t<p class=\"text\" >\n\t\t\t\tVon Wohnungsbauprojekten bis zur industriellen Anwendung \u2013 wir realisieren ma\u00dfgeschneiderte Elektroinstallationen f\u00fcr verschiedenste Wohn- und Gewerbebereiche.\t\t\t<\/p>\n\t\t\t\t\t\t\t\t<\/div>\n\t\t<\/div><\/div><div id=\"pgc-61-0-2\"  class=\"panel-grid-cell\" ><div id=\"panel-61-0-2-0\" class=\"so-panel widget widget_circleicon-widget panel-first-child panel-last-child\" data-index=\"2\" >\t\t<div class=\"circle-icon-box circle-icon-position-top circle-icon-hide-box circle-icon-size-small \">\n\t\t\t\t\t\t\t<div class=\"circle-icon-wrapper\">\n\t\t\t\t\t\t\t\t\t\t<div class=\"circle-icon\" >\n\t\t\t\t\t\t\t\t\t\t\t\t\t<div\n\t\t\t\t\t\t\t\tclass=\"fa fa-certificate\"\n\t\t\t\t\t\t\t\t\t\t\t\t\t\t\t><\/div>\n\t\t\t\t\t\t\t\t\t\t\t<\/div>\n\t\t\t\t\t\t\t\t\t<\/div>\n\t\t\t\n\t\t\t\t\t\t\t\t\t\t<h4 >\n\t\t\t\t\tService &amp; Wartung\t\t\t\t<\/h4>\n\t\t\t\t\t\t\n\t\t\t\t\t\t\t<p class=\"text\" >\n\t\t\t\tZus\u00e4tzlich bieten wir auch einen umfassenden Service und Wartung f\u00fcr Ihre elektrotechnischen Anlagen, um langfristige Zuverl\u00e4ssigkeit und optimale Leistung sicherzustellen.\t\t\t<\/p>\n\t\t\t\t\t\t\t\t<\/div>\n\t\t<\/div><\/div><div id=\"pgc-61-0-3\"  class=\"panel-grid-cell\" ><div id=\"panel-61-0-3-0\" class=\"so-panel widget widget_circleicon-widget panel-first-child panel-last-child\" data-index=\"3\" >\t\t<div class=\"circle-icon-box circle-icon-position-top circle-icon-hide-box circle-icon-size-small \">\n\t\t\t\t\t\t\t<div class=\"circle-icon-wrapper\">\n\t\t\t\t\t\t\t\t\t\t<div class=\"circle-icon\" >\n\t\t\t\t\t\t\t\t\t\t\t\t\t<div\n\t\t\t\t\t\t\t\tclass=\"fa fa-check\"\n\t\t\t\t\t\t\t\t\t\t\t\t\t\t\t><\/div>\n\t\t\t\t\t\t\t\t\t\t\t<\/div>\n\t\t\t\t\t\t\t\t\t<\/div>\n\t\t\t\n\t\t\t\t\t\t\t\t\t\t<h4 >\n\t\t\t\t\tZukunftsorientiert\t\t\t\t<\/h4>\n\t\t\t\t\t\t\n\t\t\t\t\t\t\t<p class=\"text\" >\n\t\t\t\tUnser Leistungsspektrum umfasst auch die Realisierung von PV-Anlagen und E-Mobilit\u00e4tsl\u00f6sungen, indem wir gr\u00fcne Energiequellen und innovative Mobilit\u00e4tskonzepte miteinander verkn\u00fcpfen.\t\t\t<\/p>\n\t\t\t\t\t\t\t\t<\/div>\n\t\t<\/div><\/div><\/div><div id=\"pg-61-1\"  class=\"panel-grid panel-has-style\" ><div class=\"wide-grey panel-row-style panel-row-style-for-61-1\" ><div id=\"pgc-61-1-0\"  class=\"panel-grid-cell\" ><div id=\"panel-61-1-0-0\" class=\"so-panel widget widget_headline-widget panel-first-child panel-last-child\" data-index=\"4\" >\t\t<h1>Dies ist ein Widget f\u00fcr Schlagzeilen<\/h1>\n\t\t<div class=\"decoration\"><div class=\"decoration-inside\"><\/div><\/div>\n\t\t<h3>Du kannst es anpassen und \u00fcberall ablegen, wo du willst.<\/h3>\n\t\t<\/div><\/div><\/div><\/div><div id=\"pg-61-2\"  class=\"panel-grid panel-no-style\" ><div id=\"pgc-61-2-0\"  class=\"panel-grid-cell\" ><div id=\"panel-61-2-0-0\" class=\"so-panel widget widget_siteorigin-panels-postloop panel-first-child panel-last-child\" data-index=\"5\" ><h3 class=\"widget-title\"><span class=\"vantage-carousel-title\"><span class=\"vantage-carousel-title-text\">Aktuelle Beitr\u00e4ge<\/span><a href=\"#\" class=\"next\" title=\"N\u00e4chster\"><span class=\"vantage-icon-arrow-right\"><\/span><\/a><a href=\"#\" class=\"previous\" title=\"Vorheriger\"><span class=\"vantage-icon-arrow-left\"><\/span><\/a><\/span><\/h3><div class=\"vantage-carousel-wrapper\">\n\t\n\t<ul\n\t\tclass=\"vantage-carousel\"\n\t\tdata-query=\"{&quot;post_status&quot;:&quot;publish&quot;,&quot;posts_per_page&quot;:4,&quot;post_type&quot;:&quot;post&quot;,&quot;tax_query_relation&quot;:&quot;OR&quot;,&quot;date_type&quot;:&quot;specific&quot;,&quot;date_query&quot;:{&quot;after&quot;:&quot;&quot;,&quot;before&quot;:&quot;&quot;,&quot;inclusive&quot;:true},&quot;date_query_relative&quot;:&quot;{\\&quot;from\\&quot;:[],\\&quot;to\\&quot;:[]}&quot;,&quot;orderby&quot;:&quot;date&quot;,&quot;order&quot;:&quot;DESC&quot;,&quot;post__not_in&quot;:[61,61],&quot;paged&quot;:1,&quot;fields&quot;:&quot;all&quot;,&quot;lazy_load_term_meta&quot;:true}\"\n\t\tdata-ajax-url=\"https:\/\/effeff.raspifreak.de\/wp-admin\/admin-ajax.php?vantage_carousel_nonce=77fd4334c3\"\n\t>\n\t\t\t<\/ul>\n<\/div>\n<\/div><\/div><div id=\"pgc-61-2-1\"  class=\"panel-grid-cell\" ><div id=\"panel-61-2-1-0\" class=\"so-panel widget widget_text panel-first-child panel-last-child\" data-index=\"6\" >\t\t\t<div class=\"textwidget\"><p>Es gibt viele Widgets, die mit Page Builder geb\u00fcndelt sind. Du kannst sie verwenden, um deine Seiten zum Strahlen zu bringen.<\/p>\n<\/div>\n\t\t<\/div><\/div><\/div><\/div>","protected":false},"excerpt":{"rendered":"<p>Elektroinstallation Von Wohnungsbauprojekten bis zur industriellen Anwendung \u2013 wir realisieren ma\u00dfgeschneiderte Elektroinstallationen f\u00fcr verschiedenste Wohn- und Gewerbebereiche. MSR Technik Von Wohnungsbauprojekten bis zur industriellen Anwendung \u2013 wir realisieren ma\u00dfgeschneiderte Elektroinstallationen f\u00fcr verschiedenste Wohn- und Gewerbebereiche. Service &amp; Wartung Zus\u00e4tzlich bieten wir auch einen umfassenden Service und Wartung f\u00fcr Ihre elektrotechnischen Anlagen, um langfristige Zuverl\u00e4ssigkeit und [&hellip;]<\/p>\n","protected":false},"author":1,"featured_media":0,"parent":0,"menu_order":0,"comment_status":"closed","ping_status":"closed","template":"","meta":{"footnotes":""},"class_list":["post-61","page","type-page","status-publish","hentry","post"],"_links":{"self":[{"href":"https:\/\/effeff.raspifreak.de\/index.php?rest_route=\/wp\/v2\/pages\/61","targetHints":{"allow":["GET"]}}],"collection":[{"href":"https:\/\/effeff.raspifreak.de\/index.php?rest_route=\/wp\/v2\/pages"}],"about":[{"href":"https:\/\/effeff.raspifreak.de\/index.php?rest_route=\/wp\/v2\/types\/page"}],"author":[{"embeddable":true,"href":"https:\/\/effeff.raspifreak.de\/index.php?rest_route=\/wp\/v2\/users\/1"}],"replies":[{"embeddable":true,"href":"https:\/\/effeff.raspifreak.de\/index.php?rest_route=%2Fwp%2Fv2%2Fcomments&post=61"}],"version-history":[{"count":8,"href":"https:\/\/effeff.raspifreak.de\/index.php?rest_route=\/wp\/v2\/pages\/61\/revisions"}],"predecessor-version":[{"id":75,"href":"https:\/\/effeff.raspifreak.de\/index.php?rest_route=\/wp\/v2\/pages\/61\/revisions\/75"}],"wp:attachment":[{"href":"https:\/\/effeff.raspifreak.de\/index.php?rest_route=%2Fwp%2Fv2%2Fmedia&parent=61"}],"curies":[{"name":"wp","href":"https:\/\/api.w.org\/{rel}","templated":true}]}}